{"id":3103,"date":"2019-10-16T09:10:40","date_gmt":"2019-10-16T07:10:40","guid":{"rendered":"https:\/\/key-ces.com\/?page_id=3103"},"modified":"2022-07-28T13:11:51","modified_gmt":"2022-07-28T11:11:51","slug":"production","status":"publish","type":"page","link":"https:\/\/key-ces.com\/en\/engineering\/production\/","title":{"rendered":"Production"},"content":{"rendered":"","protected":false},"excerpt":{"rendered":"","protected":false},"author":2,"featured_media":3076,"parent":2073,"menu_order":0,"comment_status":"closed","ping_status":"closed","template":"templates\/onepage.php","meta":{"_acf_changed":false,"_uag_custom_page_level_css":"","footnotes":""},"acf":[],"yoast_head":"<!-- This site is optimized with the Yoast SEO plugin v22.6 - https:\/\/yoast.com\/wordpress\/plugins\/seo\/ -->\n<title>Production | KEY Group<\/title>\n<meta name=\"robots\" content=\"index, follow, max-snippet:-1, max-image-preview:large, max-video-preview:-1\" \/>\n<link rel=\"canonical\" href=\"https:\/\/key-ces.com\/engineering-uslugi-inzynierskie\/produkcja\/\" \/>\n<meta property=\"og:locale\" content=\"en_US\" \/>\n<meta property=\"og:type\" content=\"article\" \/>\n<meta property=\"og:title\" content=\"Production | KEY Group\" \/>\n<meta property=\"og:url\" content=\"https:\/\/key-ces.com\/engineering-uslugi-inzynierskie\/produkcja\/\" \/>\n<meta property=\"og:site_name\" content=\"KEY Group\" \/>\n<meta property=\"article:modified_time\" content=\"2022-07-28T11:11:51+00:00\" \/>\n<meta property=\"og:image\" content=\"https:\/\/key-ces.com\/wp-content\/uploads\/production2-e1571389347394.png\" \/>\n\t<meta property=\"og:image:width\" content=\"265\" \/>\n\t<meta property=\"og:image:height\" content=\"265\" \/>\n\t<meta property=\"og:image:type\" content=\"image\/png\" \/>\n<meta name=\"twitter:card\" content=\"summary_large_image\" \/>\n<script type=\"application\/ld+json\" class=\"yoast-schema-graph\">{\"@context\":\"https:\/\/schema.org\",\"@graph\":[{\"@type\":\"WebPage\",\"@id\":\"https:\/\/key-ces.com\/engineering-uslugi-inzynierskie\/produkcja\/\",\"url\":\"https:\/\/key-ces.com\/engineering-uslugi-inzynierskie\/produkcja\/\",\"name\":\"Production | KEY Group\",\"isPartOf\":{\"@id\":\"https:\/\/key-ces.com\/#website\"},\"primaryImageOfPage\":{\"@id\":\"https:\/\/key-ces.com\/engineering-uslugi-inzynierskie\/produkcja\/#primaryimage\"},\"image\":{\"@id\":\"https:\/\/key-ces.com\/engineering-uslugi-inzynierskie\/produkcja\/#primaryimage\"},\"thumbnailUrl\":\"https:\/\/key-ces.com\/wp-content\/uploads\/production2-e1571389347394.png\",\"datePublished\":\"2019-10-16T07:10:40+00:00\",\"dateModified\":\"2022-07-28T11:11:51+00:00\",\"breadcrumb\":{\"@id\":\"https:\/\/key-ces.com\/engineering-uslugi-inzynierskie\/produkcja\/#breadcrumb\"},\"inLanguage\":\"en-US\",\"potentialAction\":[{\"@type\":\"ReadAction\",\"target\":[\"https:\/\/key-ces.com\/engineering-uslugi-inzynierskie\/produkcja\/\"]}]},{\"@type\":\"ImageObject\",\"inLanguage\":\"en-US\",\"@id\":\"https:\/\/key-ces.com\/engineering-uslugi-inzynierskie\/produkcja\/#primaryimage\",\"url\":\"https:\/\/key-ces.com\/wp-content\/uploads\/production2-e1571389347394.png\",\"contentUrl\":\"https:\/\/key-ces.com\/wp-content\/uploads\/production2-e1571389347394.png\",\"width\":265,\"height\":265,\"caption\":\"in\u017cynieria Wroc\u0142aw, rozw\u00f3j produktu\"},{\"@type\":\"BreadcrumbList\",\"@id\":\"https:\/\/key-ces.com\/engineering-uslugi-inzynierskie\/produkcja\/#breadcrumb\",\"itemListElement\":[{\"@type\":\"ListItem\",\"position\":1,\"name\":\"Strona g\u0142\u00f3wna\",\"item\":\"https:\/\/key-ces.com\/en\/\"},{\"@type\":\"ListItem\",\"position\":2,\"name\":\"Engineering\",\"item\":\"https:\/\/key-ces.com\/engineering-uslugi-inzynierskie\/\"},{\"@type\":\"ListItem\",\"position\":3,\"name\":\"Production\"}]},{\"@type\":\"WebSite\",\"@id\":\"https:\/\/key-ces.com\/#website\",\"url\":\"https:\/\/key-ces.com\/\",\"name\":\"KEY Group\",\"description\":\"Cutting Edge Solutions in engineering and software\",\"potentialAction\":[{\"@type\":\"SearchAction\",\"target\":{\"@type\":\"EntryPoint\",\"urlTemplate\":\"https:\/\/key-ces.com\/?s={search_term_string}\"},\"query-input\":\"required name=search_term_string\"}],\"inLanguage\":\"en-US\"}]}<\/script>\n<!-- \/ Yoast SEO plugin. -->","yoast_head_json":{"title":"Production | KEY Group","robots":{"index":"index","follow":"follow","max-snippet":"max-snippet:-1","max-image-preview":"max-image-preview:large","max-video-preview":"max-video-preview:-1"},"canonical":"https:\/\/key-ces.com\/engineering-uslugi-inzynierskie\/produkcja\/","og_locale":"en_US","og_type":"article","og_title":"Production | KEY Group","og_url":"https:\/\/key-ces.com\/engineering-uslugi-inzynierskie\/produkcja\/","og_site_name":"KEY Group","article_modified_time":"2022-07-28T11:11:51+00:00","og_image":[{"width":265,"height":265,"url":"https:\/\/key-ces.com\/wp-content\/uploads\/production2-e1571389347394.png","type":"image\/png"}],"twitter_card":"summary_large_image","schema":{"@context":"https:\/\/schema.org","@graph":[{"@type":"WebPage","@id":"https:\/\/key-ces.com\/engineering-uslugi-inzynierskie\/produkcja\/","url":"https:\/\/key-ces.com\/engineering-uslugi-inzynierskie\/produkcja\/","name":"Production | KEY Group","isPartOf":{"@id":"https:\/\/key-ces.com\/#website"},"primaryImageOfPage":{"@id":"https:\/\/key-ces.com\/engineering-uslugi-inzynierskie\/produkcja\/#primaryimage"},"image":{"@id":"https:\/\/key-ces.com\/engineering-uslugi-inzynierskie\/produkcja\/#primaryimage"},"thumbnailUrl":"https:\/\/key-ces.com\/wp-content\/uploads\/production2-e1571389347394.png","datePublished":"2019-10-16T07:10:40+00:00","dateModified":"2022-07-28T11:11:51+00:00","breadcrumb":{"@id":"https:\/\/key-ces.com\/engineering-uslugi-inzynierskie\/produkcja\/#breadcrumb"},"inLanguage":"en-US","potentialAction":[{"@type":"ReadAction","target":["https:\/\/key-ces.com\/engineering-uslugi-inzynierskie\/produkcja\/"]}]},{"@type":"ImageObject","inLanguage":"en-US","@id":"https:\/\/key-ces.com\/engineering-uslugi-inzynierskie\/produkcja\/#primaryimage","url":"https:\/\/key-ces.com\/wp-content\/uploads\/production2-e1571389347394.png","contentUrl":"https:\/\/key-ces.com\/wp-content\/uploads\/production2-e1571389347394.png","width":265,"height":265,"caption":"in\u017cynieria Wroc\u0142aw, rozw\u00f3j produktu"},{"@type":"BreadcrumbList","@id":"https:\/\/key-ces.com\/engineering-uslugi-inzynierskie\/produkcja\/#breadcrumb","itemListElement":[{"@type":"ListItem","position":1,"name":"Strona g\u0142\u00f3wna","item":"https:\/\/key-ces.com\/en\/"},{"@type":"ListItem","position":2,"name":"Engineering","item":"https:\/\/key-ces.com\/engineering-uslugi-inzynierskie\/"},{"@type":"ListItem","position":3,"name":"Production"}]},{"@type":"WebSite","@id":"https:\/\/key-ces.com\/#website","url":"https:\/\/key-ces.com\/","name":"KEY Group","description":"Cutting Edge Solutions in engineering and software","potentialAction":[{"@type":"SearchAction","target":{"@type":"EntryPoint","urlTemplate":"https:\/\/key-ces.com\/?s={search_term_string}"},"query-input":"required name=search_term_string"}],"inLanguage":"en-US"}]}},"uagb_featured_image_src":{"full":["https:\/\/key-ces.com\/wp-content\/uploads\/production2-e1571389347394.png",265,265,false],"thumbnail":["https:\/\/key-ces.com\/wp-content\/uploads\/production2-150x150.png",150,150,true],"medium":["https:\/\/key-ces.com\/wp-content\/uploads\/production2-300x300.png",300,300,true],"medium_large":["https:\/\/key-ces.com\/wp-content\/uploads\/production2-768x768.png",768,768,true],"large":["https:\/\/key-ces.com\/wp-content\/uploads\/production2-1024x1024.png",1024,1024,true],"1536x1536":["https:\/\/key-ces.com\/wp-content\/uploads\/production2-e1571389347394.png",265,265,false],"2048x2048":["https:\/\/key-ces.com\/wp-content\/uploads\/production2-e1571389347394.png",265,265,false],"awb_sm":["https:\/\/key-ces.com\/wp-content\/uploads\/production2-e1571389347394.png",265,265,false],"awb_md":["https:\/\/key-ces.com\/wp-content\/uploads\/production2-e1571389347394.png",265,265,false],"awb_lg":["https:\/\/key-ces.com\/wp-content\/uploads\/production2-e1571389347394.png",265,265,false],"awb_xl":["https:\/\/key-ces.com\/wp-content\/uploads\/production2-e1571389347394.png",265,265,false],"mailpoet_newsletter_max":["https:\/\/key-ces.com\/wp-content\/uploads\/production2-e1571389347394.png",265,265,false]},"uagb_author_info":{"display_name":"Maciej Beres","author_link":"https:\/\/key-ces.com\/en\/author\/mberes\/"},"uagb_comment_info":0,"uagb_excerpt":null,"_links":{"self":[{"href":"https:\/\/key-ces.com\/en\/wp-json\/wp\/v2\/pages\/3103"}],"collection":[{"href":"https:\/\/key-ces.com\/en\/wp-json\/wp\/v2\/pages"}],"about":[{"href":"https:\/\/key-ces.com\/en\/wp-json\/wp\/v2\/types\/page"}],"author":[{"embeddable":true,"href":"https:\/\/key-ces.com\/en\/wp-json\/wp\/v2\/users\/2"}],"replies":[{"embeddable":true,"href":"https:\/\/key-ces.com\/en\/wp-json\/wp\/v2\/comments?post=3103"}],"version-history":[{"count":5,"href":"https:\/\/key-ces.com\/en\/wp-json\/wp\/v2\/pages\/3103\/revisions"}],"predecessor-version":[{"id":4073,"href":"https:\/\/key-ces.com\/en\/wp-json\/wp\/v2\/pages\/3103\/revisions\/4073"}],"up":[{"embeddable":true,"href":"https:\/\/key-ces.com\/en\/wp-json\/wp\/v2\/pages\/2073"}],"wp:featuredmedia":[{"embeddable":true,"href":"https:\/\/key-ces.com\/en\/wp-json\/wp\/v2\/media\/3076"}],"wp:attachment":[{"href":"https:\/\/key-ces.com\/en\/wp-json\/wp\/v2\/media?parent=3103"}],"curies":[{"name":"wp","href":"https:\/\/api.w.org\/{rel}","templated":true}]}}